{"id":3224,"date":"2023-07-14T08:14:40","date_gmt":"2023-07-14T08:14:40","guid":{"rendered":"https:\/\/desatascoscampiare.com\/politica-de-cookies-ue\/"},"modified":"2025-01-21T12:15:49","modified_gmt":"2025-01-21T12:15:49","slug":"politica-de-cookies-ue","status":"publish","type":"page","link":"https:\/\/desatascoscampiare.com\/en\/politica-de-cookies-ue\/","title":{"rendered":"Cookie Policy (EU)"},"content":{"rendered":"\t\t<div data-elementor-type=\"wp-page\" data-elementor-id=\"3224\" class=\"elementor elementor-3224 elementor-600\" data-elementor-post-type=\"page\">\n\t\t\t\t\t\t\t\t\t<section class=\"elementor-section elementor-top-section elementor-element elementor-element-3c9743e7 elementor-section-boxed elementor-section-height-default elementor-section-height-default\" data-id=\"3c9743e7\" data-element_type=\"section\" data-settings=\"{&quot;jet_parallax_layout_list&quot;:[]}\">\n\t\t\t\t\t\t<div class=\"elementor-container elementor-column-gap-default\">\n\t\t\t\t\t<div class=\"elementor-column elementor-col-100 elementor-top-column elementor-element elementor-element-42eada2e\" data-id=\"42eada2e\" data-element_type=\"column\">\n\t\t\t<div class=\"elementor-widget-wrap elementor-element-populated\">\n\t\t\t\t\t\t\t\t<div class=\"elementor-element elementor-element-54b39cf elementor-widget elementor-widget-text-editor\" data-id=\"54b39cf\" data-element_type=\"widget\" data-widget_type=\"text-editor.default\">\n\t\t\t\t<div class=\"elementor-widget-container\">\n\t\t\t<style>\/*! elementor - v3.18.0 - 20-12-2023 *\/\n.elementor-widget-text-editor.elementor-drop-cap-view-stacked .elementor-drop-cap{background-color:#69727d;color:#fff}.elementor-widget-text-editor.elementor-drop-cap-view-framed .elementor-drop-cap{color:#69727d;border:3px solid;background-color:transparent}.elementor-widget-text-editor:not(.elementor-drop-cap-view-default) .elementor-drop-cap{margin-top:8px}.elementor-widget-text-editor:not(.elementor-drop-cap-view-default) .elementor-drop-cap-letter{width:1em;height:1em}.elementor-widget-text-editor .elementor-drop-cap{float:left;text-align:center;line-height:1;font-size:50px}.elementor-widget-text-editor .elementor-drop-cap-letter{display:inline-block}<\/style>\t\t\t\t<p><strong>Pol\u00edtica de Cookies<\/strong><\/p>\t\t\t\t\t\t<\/div>\n\t\t\t\t<\/div>\n\t\t\t\t<div class=\"elementor-element elementor-element-4ae5d57 elementor-widget elementor-widget-text-editor\" data-id=\"4ae5d57\" data-element_type=\"widget\" data-widget_type=\"text-editor.default\">\n\t\t\t\t<div class=\"elementor-widget-container\">\n\t\t\t\t\t\t\t<p>El objetivo de esta pol\u00edtica es informar a los interesados acerca de las cookies que emplea esta p\u00e1gina web de conformidad con lo establecido en la Ley 34\/2002, de 11 de julio, de Servicios de la Sociedad de la Informaci\u00f3n y de Comercio Electr\u00f3nico, y el Reglamento (UE) 2016\/679 del Parlamento Europeo y del Consejo de 27 de abril de 2016.<\/p>\n<p><strong>1. USO DE COOKIES. \u00bfQU\u00c9 SON LAS COOKIES?<\/strong><\/p>\n<p>Las cookies son ficheros que se descargan en su Ordenador, Smartphone o Tablet al acceder a determinadas p\u00e1ginas web. La utilizaci\u00f3n de cookies, ofrece numerosas ventajas en la prestaci\u00f3n de servicios de la Sociedad de la Informaci\u00f3n, puesto que, entre otras: (a) facilita la navegaci\u00f3n del usuario en el Sitio Web; (b) facilita al usuario el acceso a los diferentes servicios que ofrece el Sitio Web; (c) evita al usuario volver a configurar caracter\u00edsticas generales predefinidas cada vez que accede al Sitio Web; (d) favorece la mejora del funcionamiento y de los servicios prestados a trav\u00e9s del Sitio Web, tras el correspondiente an\u00e1lisis de la informaci\u00f3n obtenida a trav\u00e9s de las cookies instaladas; (e) permiten a un Sitio Web, entre otras cosas, almacenar y recuperar informaci\u00f3n sobre los h\u00e1bitos de navegaci\u00f3n de un usuario o de su equipo y, dependiendo de la informaci\u00f3n que contengan y de la forma en que utilice su equipo, pueden utilizarse para reconocer al usuario.<\/p>\n<p>La mayor\u00eda de los navegadores aceptan como est\u00e1ndar a las cookies y, con independencia de las mismas, permiten o impiden en los ajustes de seguridad&nbsp; las cookies temporales o memorizadas.<\/p>\n<p>Ten en cuenta que para poder utilizar y contar con una mejor experiencia de navegaci\u00f3n,&nbsp;<strong>&nbsp;<\/strong>es necesario que tengas habilitadas las cookies, especialmente aquellas de car\u00e1cter t\u00e9cnico que resultan necesarias para que pueda identificarte como usuario registrado cada vez que accedas a la presente web.<\/p>\n<p>En caso de no querer recibir cookies, por favor, configure su navegador de internet, para que las borre del disco duro de su ordenador, las bloquee o le avise en su caso de instalaci\u00f3n de las mismas.<\/p>\n<p><strong>2. INFORMACI\u00d3N SOBRE EL TIPO DE COOKIES<\/strong><\/p>\n<p><strong>2.1. Tipos de cookies seg\u00fan la entidad que las gestione<\/strong><\/p>\n<p>Seg\u00fan quien sea la entidad que gestione el equipo o dominio desde donde se env\u00edan las cookies y trate los datos que se obtengan, podemos distinguir habitualmente, aunque sin car\u00e1cter limitativo, entre:<\/p>\n<p><strong>Cookies propias<\/strong>: Son aqu\u00e9llas que se env\u00edan al equipo terminal del usuario desde un equipo o dominio gestionado por el propio editor y desde el que se presta el servicio solicitado por el usuario.<\/p>\n<p><strong>Cookies de tercero<\/strong>: Son aqu\u00e9llas que se env\u00edan al equipo terminal del usuario desde un equipo o dominio que no es gestionado por el editor, sino por otra entidad que trata los datos obtenidos trav\u00e9s de las cookies.<\/p>\n<p><strong>2.2. Tipos de cookies seg\u00fan el plazo de tiempo que permanecen activadas<\/strong><\/p>\n<p>Seg\u00fan el plazo de tiempo que permanecen activadas en el equipo terminal podemos distinguir habitualmente, aunque sin car\u00e1cter limitativo, entre:<\/p>\n<p><strong>Cookies de sesi\u00f3n<\/strong>: Son un tipo de cookies dise\u00f1adas para recabar y almacenar datos mientras el usuario accede a una p\u00e1gina web.<\/p>\n<p>Se suelen emplear para almacenar informaci\u00f3n que s\u00f3lo interesa conservar para la prestaci\u00f3n del servicio solicitado por el usuario en una sola ocasi\u00f3n (por ejemplo, una lista de productos adquiridos).<\/p>\n<p><strong>Cookies persistentes<\/strong>: Son un tipo de cookies en el que los datos siguen almacenados en el terminal y pueden ser accedidos y tratados durante un periodo definido por el responsable de la cookie, y que puede ir de unos minutos a varios a\u00f1os.<\/p>\n<p><strong>2.3 Tipos de cookies seg\u00fan su finalidad<\/strong><\/p>\n<p>Seg\u00fan la finalidad para la que se traten los datos obtenidos a trav\u00e9s de las cookies, podemos distinguir habitualmente, aunque sin car\u00e1cter limitativo, entre:<\/p>\n<p><strong>Cookies t\u00e9cnicas<\/strong>: Son aqu\u00e9llas que permiten al usuario la navegaci\u00f3n a trav\u00e9s de una p\u00e1gina web, plataforma o aplicaci\u00f3n y la utilizaci\u00f3n de las diferentes opciones o servicios que en ella existan como, por ejemplo, controlar el tr\u00e1fico y la comunicaci\u00f3n de datos, identificar la sesi\u00f3n, acceder a partes de acceso restringido, recordar los elementos que integran un pedido, realizar el proceso de compra de un pedido, realizar la solicitud de inscripci\u00f3n o participaci\u00f3n en un evento, utilizar elementos de seguridad durante la navegaci\u00f3n, almacenar contenidos para la difusi\u00f3n de videos o sonido o compartir contenidos a trav\u00e9s de redes sociales.<\/p>\n<p><strong>Cookies de personalizaci\u00f3n<\/strong>: Son aqu\u00e9llas que permiten al usuario acceder al servicio con algunas caracter\u00edsticas de car\u00e1cter general predefinidas en funci\u00f3n de una serie de criterios en el terminal del usuario como por ejemplo serian el idioma, el tipo de navegador a trav\u00e9s del cual accede al servicio, la configuraci\u00f3n regional desde donde accede al servicio, etc.<\/p>\n<p><strong>Cookies de an\u00e1lisis<\/strong>: Son aqu\u00e9llas que permiten al responsable de las mismas, el seguimiento y an\u00e1lisis del comportamiento de los usuarios de los sitios web a los que est\u00e1n vinculadas. La informaci\u00f3n recogida mediante este tipo de cookies se utiliza en la medici\u00f3n de la actividad de los sitios web, aplicaci\u00f3n o plataforma y para la elaboraci\u00f3n de perfiles de navegaci\u00f3n de los usuarios de dichos sitios, aplicaciones y plataformas, con el fin de introducir mejoras en funci\u00f3n del an\u00e1lisis de los datos de uso que hacen los usuarios del servicio.<\/p>\n<p><strong>Cookies publicitarias<\/strong>: Son aqu\u00e9llas que permiten la gesti\u00f3n, de la forma m\u00e1s eficaz posible, de los espacios publicitarios que, en su caso, el editor haya incluido en una p\u00e1gina web, aplicaci\u00f3n o plataforma desde la que presta el servicio solicitado en base a criterios como el contenido editado o la frecuencia en la que se muestran los anuncios.<\/p>\n<p><strong>Cookies de publicidad comportamental<\/strong>: Son aqu\u00e9llas que permiten la gesti\u00f3n, de la forma m\u00e1s eficaz posible, de los espacios publicitarios que, en su caso, el editor haya incluido en una p\u00e1gina web, aplicaci\u00f3n o plataforma desde la que presta el servicio solicitado. Estas cookies almacenan informaci\u00f3n del comportamiento de los usuarios obtenida a trav\u00e9s de la observaci\u00f3n continuada de sus h\u00e1bitos de navegaci\u00f3n, lo que permite desarrollar un perfil espec\u00edfico para mostrar publicidad en funci\u00f3n del mismo.<\/p>\n<p><strong>3. ADMINISTRACI\u00d3N DE COOKIES<\/strong><\/p>\n<p>Deseamos que usted tenga la garant\u00eda de disponer de aquella informaci\u00f3n que le permita administrar las cookies instaladas en su equipo, de modo que, si as\u00ed lo deseara, pudiese en cualquier momento revocar el funcionamiento de las cookies de este sitio web.<\/p>\n<p>Por ello, usted tiene la opci\u00f3n de permitir o no que se instalen cookies en su equipo, mediante la configuraci\u00f3n de las opciones del navegador instalado en su equipo, o bien a trav\u00e9s de panel de configuraci\u00f3n situado en el inferior de esta p\u00e1gina.<\/p>\n<p>A continuaci\u00f3n le informamos detalladamente todas las cookies que podr\u00edan llegar a instalarse desde nuestro sitio web. En funci\u00f3n de su navegaci\u00f3n, de la configuraci\u00f3n de su navegador y de la aceptaci\u00f3n o rechazo de las mismas, podr\u00e1n instalarse todas o s\u00f3lo algunas de ellas.<\/p>\n<div><\/div>\n<p><strong>4. C\u00d3MO BLOQUEAR REVOCAR O ELIMINAR LAS COOKIES INSTALADAS<\/strong><\/p>\n<p>Puede usted permitir, bloquear, revocar o eliminar las cookies instaladas en su equipo mediante la configuraci\u00f3n de las opciones de su navegador. Puede encontrar informaci\u00f3n sobre c\u00f3mo hacerlo, en relaci\u00f3n con los navegadores m\u00e1s comunes en los links que se incluyen a continuaci\u00f3n:<\/p>\n<p>Explorer:&nbsp;<a href=\"https:\/\/support.microsoft.com\/es-es\/kb\/278835\" rel=\"noopener noreferrer nofollow\">https:\/\/support.microsoft.com\/es-es\/kb\/278835<\/a><\/p>\n<p>Microsoft Edge<strong>:&nbsp;<\/strong><a href=\"https:\/\/privacy.microsoft.com\/es-es\/windows-10-microsoft-edge-and-privacy\" rel=\"noopener noreferrer nofollow\">https:\/\/privacy.microsoft.com\/es-es\/windows-10-microsoft-edge-and-privacy<\/a><\/p>\n<p>Chrome:<a href=\"http:\/\/support.google.com\/chrome\/bin\/answer.py?hl=es&amp;answer=95647\" rel=\"noopener noreferrer nofollow\">https:\/\/support.google.com\/chrome\/answer\/95647?co=GENIE.Platform%3DDesktop&amp;hl=esttp:\/\/support.google.com\/chrome\/bin\/answer.py?hl=es&amp;answer=95647<\/a><\/p>\n<p>Firefox:&nbsp;<a href=\"http:\/\/support.mozilla.org\/es\/kb\/Borrar%20cookies\" rel=\"noopener noreferrer nofollow\">http:\/\/support.mozilla.org\/es\/kb\/Borrar%20cookies<\/a><\/p>\n<p>Safari:&nbsp;<a href=\"http:\/\/support.apple.com\/kb\/ph5042\" rel=\"noopener noreferrer nofollow\">http:\/\/support.apple.com\/kb\/ph5042<\/a>.<\/p>\n<p>Opera:&nbsp;<a href=\"https:\/\/help.opera.com\/en\/latest\/web-preferences\/#cookies\" rel=\"noopener noreferrer nofollow\">https:\/\/help.opera.com\/en\/latest\/web-preferences\/#cookies<\/a><\/p>\n<p>Le informamos, no obstante, de la posibilidad de que la desactivaci\u00f3n de alguna cookie impida o dificulte la navegaci\u00f3n o la prestaci\u00f3n de los servicios ofrecidos en la p\u00e1gina web.<\/p>\n<p>Para poder revocar al cookies inicialmente aceptadas, debe hacer click en el bot\u00f3n:&nbsp;<a>\u201crevocar cookies\u201d.<\/a><\/p>\n<p><strong>5. DESTINATARIOS DE LA INFORMACI\u00d3N<\/strong><\/p>\n<p>Tendr\u00e1n acceso a la informaci\u00f3n obtenida a trav\u00e9s de las cookies del sitio web las empresas colaboradoras detalladas en el Panel de Administraci\u00f3n de Cookies, donde podr\u00e1s asimismo consultar las finalidades con las que la utilizan y sus respectivas pol\u00edticas de privacidad.<\/p>\n<p>Asimismo, te informamos de que algunos de nuestros proveedores as\u00ed como empresas colaboradoras pueden realizar transferencias a terceros pa\u00edses. Puedes informarte de las transferencias a terceros pa\u00edses que, en su caso, realizan en sus correspondientes pol\u00edticas de privacidad, accesibles a trav\u00e9s de los enlaces facilitados en el Panel de Administraci\u00f3n.<\/p>\n<p><strong>6. MODIFICACIONES\/ ACTUALIZACI\u00d3N<\/strong><\/p>\n<p>La presente pol\u00edtica de cookies puede verse modificada\/actualizada en funci\u00f3n de las exigencias legales establecidas o con la finalidad de adaptar dicha pol\u00edtica a las instrucciones dictadas por la Agencia Espa\u00f1ola de Protecci\u00f3n de Datos o cambios en nuestro sitio web.<\/p>\n<p>Por esta raz\u00f3n, aconsejamos a los usuarios que &nbsp;visiten peri\u00f3dicamente nuestra&nbsp; pol\u00edtica de cookies.<\/p>\n<p>Si tiene dudas acerca de esta pol\u00edtica de cookies, puede contactar con Campiare Canarias SL. a trav\u00e9s del siguiente correo electr\u00f3nico: campiarecanarias@gmail.com<\/p>\n<p>\u00daltima revisi\u00f3n: 09 de Julio de 2024.<\/p>\n<p><strong>7. DETALLES DE CONTACTO<\/strong><\/p>\n<p>Para preguntas y\/o comentarios sobre nuestra pol\u00edtica de cookies y esta declaraci\u00f3n, por favor, contacta con nosotros usando los siguientes datos de contacto:<\/p>\n<p>Campiare Canarias SL.<br>Calle Unamuno 102, Los Cardones (Granadilla de Abona) Tenerife.<br>Email: campiarecanarias@gmail.com<br>N\u00famero de tel\u00e9fono: 922 084 055<\/p>\t\t\t\t\t\t<\/div>\n\t\t\t\t<\/div>\n\t\t\t\t\t<\/div>\n\t\t<\/div>\n\t\t\t\t\t\t\t<\/div>\n\t\t<\/section>\n\t\t\t\t\t\t\t<\/div>\n\t\t","protected":false},"excerpt":{"rendered":"<p>Pol\u00edtica de Cookies El objetivo de esta pol\u00edtica es informar a los interesados acerca de las cookies que emplea esta p\u00e1gina web de conformidad con lo establecido en la Ley 34\/2002, de 11 de julio, de Servicios de la Sociedad de la Informaci\u00f3n y de Comercio Electr\u00f3nico, y el Reglamento (UE) 2016\/679 del Parlamento Europeo [&hellip;]<\/p>\n","protected":false},"author":2,"featured_media":0,"parent":0,"menu_order":0,"comment_status":"closed","ping_status":"closed","template":"elementor_header_footer","meta":{"_joinchat":[],"footnotes":""},"class_list":["post-3224","page","type-page","status-publish","hentry"],"yoast_head":"<!-- This site is optimized with the Yoast SEO plugin v25.8 - https:\/\/yoast.com\/wordpress\/plugins\/seo\/ -->\n<title>Cookie Policy (EU) - Campiare<\/title>\n<meta name=\"robots\" content=\"noindex, nofollow\" \/>\n<meta property=\"og:locale\" content=\"en_GB\" \/>\n<meta property=\"og:type\" content=\"article\" \/>\n<meta property=\"og:title\" content=\"Cookie Policy (EU) - Campiare\" \/>\n<meta property=\"og:description\" content=\"Pol\u00edtica de Cookies El objetivo de esta pol\u00edtica es informar a los interesados acerca de las cookies que emplea esta p\u00e1gina web de conformidad con lo establecido en la Ley 34\/2002, de 11 de julio, de Servicios de la Sociedad de la Informaci\u00f3n y de Comercio Electr\u00f3nico, y el Reglamento (UE) 2016\/679 del Parlamento Europeo [&hellip;]\" \/>\n<meta property=\"og:url\" content=\"https:\/\/desatascoscampiare.com\/en\/politica-de-cookies-ue\/\" \/>\n<meta property=\"og:site_name\" content=\"Campiare\" \/>\n<meta property=\"article:publisher\" content=\"https:\/\/www.facebook.com\/profile.php?id=100083054566263\" \/>\n<meta property=\"article:modified_time\" content=\"2025-01-21T12:15:49+00:00\" \/>\n<meta name=\"twitter:card\" content=\"summary_large_image\" \/>\n<meta name=\"twitter:label1\" content=\"Estimated reading time\" \/>\n\t<meta name=\"twitter:data1\" content=\"7 minutes\" \/>\n<script type=\"application\/ld+json\" class=\"yoast-schema-graph\">{\"@context\":\"https:\/\/schema.org\",\"@graph\":[{\"@type\":\"WebPage\",\"@id\":\"https:\/\/desatascoscampiare.com\/en\/politica-de-cookies-ue\/\",\"url\":\"https:\/\/desatascoscampiare.com\/en\/politica-de-cookies-ue\/\",\"name\":\"Cookie Policy (EU) - Campiare\",\"isPartOf\":{\"@id\":\"https:\/\/desatascoscampiare.com\/en\/#website\"},\"datePublished\":\"2023-07-14T08:14:40+00:00\",\"dateModified\":\"2025-01-21T12:15:49+00:00\",\"breadcrumb\":{\"@id\":\"https:\/\/desatascoscampiare.com\/en\/politica-de-cookies-ue\/#breadcrumb\"},\"inLanguage\":\"en-GB\",\"potentialAction\":[{\"@type\":\"ReadAction\",\"target\":[\"https:\/\/desatascoscampiare.com\/en\/politica-de-cookies-ue\/\"]}]},{\"@type\":\"BreadcrumbList\",\"@id\":\"https:\/\/desatascoscampiare.com\/en\/politica-de-cookies-ue\/#breadcrumb\",\"itemListElement\":[{\"@type\":\"ListItem\",\"position\":1,\"name\":\"Portada\",\"item\":\"https:\/\/desatascoscampiare.com\/en\/\"},{\"@type\":\"ListItem\",\"position\":2,\"name\":\"Cookie Policy (EU)\"}]},{\"@type\":\"WebSite\",\"@id\":\"https:\/\/desatascoscampiare.com\/en\/#website\",\"url\":\"https:\/\/desatascoscampiare.com\/en\/\",\"name\":\"Campiare\",\"description\":\"Empresa de alquiler de furgonetas campers en Tenerife\",\"publisher\":{\"@id\":\"https:\/\/desatascoscampiare.com\/en\/#organization\"},\"potentialAction\":[{\"@type\":\"SearchAction\",\"target\":{\"@type\":\"EntryPoint\",\"urlTemplate\":\"https:\/\/desatascoscampiare.com\/en\/?s={search_term_string}\"},\"query-input\":{\"@type\":\"PropertyValueSpecification\",\"valueRequired\":true,\"valueName\":\"search_term_string\"}}],\"inLanguage\":\"en-GB\"},{\"@type\":\"Organization\",\"@id\":\"https:\/\/desatascoscampiare.com\/en\/#organization\",\"name\":\"Campiare\",\"url\":\"https:\/\/desatascoscampiare.com\/en\/\",\"logo\":{\"@type\":\"ImageObject\",\"inLanguage\":\"en-GB\",\"@id\":\"https:\/\/desatascoscampiare.com\/en\/#\/schema\/logo\/image\/\",\"url\":\"https:\/\/desatascoscampiare.com\/wp-content\/uploads\/2023\/06\/logo-campiare-desatascos-e1705329757544.png\",\"contentUrl\":\"https:\/\/desatascoscampiare.com\/wp-content\/uploads\/2023\/06\/logo-campiare-desatascos-e1705329757544.png\",\"width\":533,\"height\":153,\"caption\":\"Campiare\"},\"image\":{\"@id\":\"https:\/\/desatascoscampiare.com\/en\/#\/schema\/logo\/image\/\"},\"sameAs\":[\"https:\/\/www.facebook.com\/profile.php?id=100083054566263\"]}]}<\/script>\n<!-- \/ Yoast SEO plugin. -->","yoast_head_json":{"title":"Cookie Policy (EU) - Campiare","robots":{"index":"noindex","follow":"nofollow"},"og_locale":"en_GB","og_type":"article","og_title":"Cookie Policy (EU) - Campiare","og_description":"Pol\u00edtica de Cookies El objetivo de esta pol\u00edtica es informar a los interesados acerca de las cookies que emplea esta p\u00e1gina web de conformidad con lo establecido en la Ley 34\/2002, de 11 de julio, de Servicios de la Sociedad de la Informaci\u00f3n y de Comercio Electr\u00f3nico, y el Reglamento (UE) 2016\/679 del Parlamento Europeo [&hellip;]","og_url":"https:\/\/desatascoscampiare.com\/en\/politica-de-cookies-ue\/","og_site_name":"Campiare","article_publisher":"https:\/\/www.facebook.com\/profile.php?id=100083054566263","article_modified_time":"2025-01-21T12:15:49+00:00","twitter_card":"summary_large_image","twitter_misc":{"Estimated reading time":"7 minutes"},"schema":{"@context":"https:\/\/schema.org","@graph":[{"@type":"WebPage","@id":"https:\/\/desatascoscampiare.com\/en\/politica-de-cookies-ue\/","url":"https:\/\/desatascoscampiare.com\/en\/politica-de-cookies-ue\/","name":"Cookie Policy (EU) - Campiare","isPartOf":{"@id":"https:\/\/desatascoscampiare.com\/en\/#website"},"datePublished":"2023-07-14T08:14:40+00:00","dateModified":"2025-01-21T12:15:49+00:00","breadcrumb":{"@id":"https:\/\/desatascoscampiare.com\/en\/politica-de-cookies-ue\/#breadcrumb"},"inLanguage":"en-GB","potentialAction":[{"@type":"ReadAction","target":["https:\/\/desatascoscampiare.com\/en\/politica-de-cookies-ue\/"]}]},{"@type":"BreadcrumbList","@id":"https:\/\/desatascoscampiare.com\/en\/politica-de-cookies-ue\/#breadcrumb","itemListElement":[{"@type":"ListItem","position":1,"name":"Portada","item":"https:\/\/desatascoscampiare.com\/en\/"},{"@type":"ListItem","position":2,"name":"Cookie Policy (EU)"}]},{"@type":"WebSite","@id":"https:\/\/desatascoscampiare.com\/en\/#website","url":"https:\/\/desatascoscampiare.com\/en\/","name":"Campiare","description":"Empresa de alquiler de furgonetas campers en Tenerife","publisher":{"@id":"https:\/\/desatascoscampiare.com\/en\/#organization"},"potentialAction":[{"@type":"SearchAction","target":{"@type":"EntryPoint","urlTemplate":"https:\/\/desatascoscampiare.com\/en\/?s={search_term_string}"},"query-input":{"@type":"PropertyValueSpecification","valueRequired":true,"valueName":"search_term_string"}}],"inLanguage":"en-GB"},{"@type":"Organization","@id":"https:\/\/desatascoscampiare.com\/en\/#organization","name":"Campiare","url":"https:\/\/desatascoscampiare.com\/en\/","logo":{"@type":"ImageObject","inLanguage":"en-GB","@id":"https:\/\/desatascoscampiare.com\/en\/#\/schema\/logo\/image\/","url":"https:\/\/desatascoscampiare.com\/wp-content\/uploads\/2023\/06\/logo-campiare-desatascos-e1705329757544.png","contentUrl":"https:\/\/desatascoscampiare.com\/wp-content\/uploads\/2023\/06\/logo-campiare-desatascos-e1705329757544.png","width":533,"height":153,"caption":"Campiare"},"image":{"@id":"https:\/\/desatascoscampiare.com\/en\/#\/schema\/logo\/image\/"},"sameAs":["https:\/\/www.facebook.com\/profile.php?id=100083054566263"]}]}},"_links":{"self":[{"href":"https:\/\/desatascoscampiare.com\/en\/wp-json\/wp\/v2\/pages\/3224","targetHints":{"allow":["GET"]}}],"collection":[{"href":"https:\/\/desatascoscampiare.com\/en\/wp-json\/wp\/v2\/pages"}],"about":[{"href":"https:\/\/desatascoscampiare.com\/en\/wp-json\/wp\/v2\/types\/page"}],"author":[{"embeddable":true,"href":"https:\/\/desatascoscampiare.com\/en\/wp-json\/wp\/v2\/users\/2"}],"replies":[{"embeddable":true,"href":"https:\/\/desatascoscampiare.com\/en\/wp-json\/wp\/v2\/comments?post=3224"}],"version-history":[{"count":2,"href":"https:\/\/desatascoscampiare.com\/en\/wp-json\/wp\/v2\/pages\/3224\/revisions"}],"predecessor-version":[{"id":3226,"href":"https:\/\/desatascoscampiare.com\/en\/wp-json\/wp\/v2\/pages\/3224\/revisions\/3226"}],"wp:attachment":[{"href":"https:\/\/desatascoscampiare.com\/en\/wp-json\/wp\/v2\/media?parent=3224"}],"curies":[{"name":"wp","href":"https:\/\/api.w.org\/{rel}","templated":true}]}}